{"id":9,"date":"2015-02-20T18:43:03","date_gmt":"2015-02-20T18:43:03","guid":{"rendered":"http:\/\/localhost\/a-protect\/?page_id=9"},"modified":"2024-08-20T15:17:23","modified_gmt":"2024-08-20T19:17:23","slug":"protect-auto-warranty","status":"publish","type":"page","link":"https:\/\/a-protectwarranty.com\/fr\/","title":{"rendered":"COMPAGNIE DE GARANTIE A-PROTECT"},"content":{"rendered":"<p><\/p>\n<h1>COMPAGNIE DE GARANTIE A-PROTECT<\/h1>\n<p style=\"text-align: justify;\">Avec une garantie automobile A-Protect, <a href=\"http:\/\/a-protectwarranty.com\/why-choose-a-protect-auto-warranty\/\">prot\u00e9ger votre v\u00e9hicule<\/a> n\u2019aura jamais \u00e9t\u00e9 aussi facile. Nous comprenons que le service \u00e0 la client\u00e8le est la cl\u00e9 du succ\u00e8s; il n\u2019y a simplement aucune autre compagnie de garantie automobile qui travaille plus fort afin de vous offrir des services rapides, sp\u00e9cialis\u00e9s et fiables. Appelez nos bureaux pour parler \u00e0 un repr\u00e9sentant inform\u00e9, qui vous offrira un service \u00e0 la client\u00e8le personnalis\u00e9 et courtois. Nous vous \u00e9couterons et travaillerons avec vous. Nous personnaliserons une garantie automobile afin qu\u2019elle convienne \u00e0 vos besoins, prenant en consid\u00e9ration toutes vos inqui\u00e9tudes \u2013 en plus de vous offrir les prix les plus abordables.<\/p>\n<p><\/p>","protected":false},"excerpt":{"rendered":"<p>Welcome to the A-Protect warranty official website. For over a decade, we&#8217;ve worked hard at establishing ourselves as the leader in aftermarket car warranties.<\/p>\n<p><\/p>\n<p>1With an A-Protect\u00a0<strong><u><em>auto warranty<\/em><\/u><\/strong>, protecting your vehicle has never been easier. Why? Because we understand that customer service is a key to success. There&#8217;s simply no other\u00a0car warranty company that works harder to provide you with prompt, dedicated and reliable services. When you call our offices, you&#8217;ll speak with an actual person who will provide you with one-on-one courteous customer service. We&#8217;ll listen to you and work with you. We&#8217;ll customize a\u00a0car warranty to fit your needs taking into account all of your concerns &#8211; including offering the most affordable prices!<\/p>\n<p> <a href=\"https:\/\/a-protectwarranty.com\/fr\/\">\u0421ontinuer la lecture <span class=\"meta-nav\">&rarr;<\/span><\/a><\/p>\n","protected":false},"author":15,"featured_media":0,"parent":0,"menu_order":0,"comment_status":"open","ping_status":"open","template":"home-template.php","meta":[],"_links":{"self":[{"href":"https:\/\/a-protectwarranty.com\/fr\/wp-json\/wp\/v2\/pages\/9"}],"collection":[{"href":"https:\/\/a-protectwarranty.com\/fr\/wp-json\/wp\/v2\/pages"}],"about":[{"href":"https:\/\/a-protectwarranty.com\/fr\/wp-json\/wp\/v2\/types\/page"}],"author":[{"embeddable":true,"href":"https:\/\/a-protectwarranty.com\/fr\/wp-json\/wp\/v2\/users\/15"}],"replies":[{"embeddable":true,"href":"https:\/\/a-protectwarranty.com\/fr\/wp-json\/wp\/v2\/comments?post=9"}],"version-history":[{"count":50,"href":"https:\/\/a-protectwarranty.com\/fr\/wp-json\/wp\/v2\/pages\/9\/revisions"}],"predecessor-version":[{"id":3656,"href":"https:\/\/a-protectwarranty.com\/fr\/wp-json\/wp\/v2\/pages\/9\/revisions\/3656"}],"wp:attachment":[{"href":"https:\/\/a-protectwarranty.com\/fr\/wp-json\/wp\/v2\/media?parent=9"}],"curies":[{"name":"wp","href":"https:\/\/api.w.org\/{rel}","templated":true}]}}