{"id":87,"date":"2015-03-20T20:56:19","date_gmt":"2015-03-20T20:56:19","guid":{"rendered":"http:\/\/planext.ca\/a-protect\/?page_id=87"},"modified":"2019-02-25T19:35:41","modified_gmt":"2019-02-26T00:35:41","slug":"why-choose-a-protect-auto-warranty","status":"publish","type":"page","link":"https:\/\/a-protectwarranty.com\/fr\/why-choose-a-protect-auto-warranty\/","title":{"rendered":"POURQUOI CHOISIR LA GARANTIE AUTOMOBILE A-PROTECT?"},"content":{"rendered":"<p><\/p>\n<div class=\"contenernewtext\">\n<h2><strong>Les 10 meilleures raisons de choisir la compagnie de garantie A-Protect<\/strong><\/h2>\n<p>Dans le monde d\u2019aujourd\u2019hui, chaque dollar compte. Malheureusement, peu importe ce que nous faisons pour nous pr\u00e9parer aux \u00e9ventualit\u00e9s, une facture de r\u00e9paration impr\u00e9vue peut \u00eatre d\u00e9vastatrice et semble toujours appara\u00eetre au pire moment possible. C\u2019est l\u00e0 o\u00f9 <a href=\"https:\/\/a-protectwarranty.com\/about-a-protect-warranty\/\">A-Protect Warranty Corporation<\/a> entre en jeu. Choisir d\u2019acheter une garantie A-Protect vous conf\u00e9rera davantage de paix d\u2019esprit, sachant que vous \u00eates prot\u00e9g\u00e9 contre les impr\u00e9vus. Choisissez simplement la garantie automobile qui convient le mieux \u00e0 vos besoins, et nous nous occuperons de vos factures de r\u00e9paration. Ne nous voilons pas la face : tout le monde a besoin de quelqu\u2019un sur qui compter, alors pourquoi ne pas vous tourner vers la compagnie en t\u00eate du secteur de la <a href=\"https:\/\/a-protectwarranty.com\/\">garantie automobile<\/a>?<\/p>\n<p>&nbsp;<\/p>\n<h6><strong>Entre autres choses, la compagnie de garantie A-Protect vous offre :<\/strong><\/h6>\n<p>&nbsp;<\/p>\n<ol class=\"onsite\">\n<li>Une protection contre les augmentations de prix. Avec une garantie A-Protect, non seulement vous \u00eates prot\u00e9g\u00e9, mais vous n\u2019aurez \u00e9galement aucune surprise. Selon ConsumerReport.org, \u00ab la voiture de trois ans moyenne a 55 probl\u00e8mes par 100 v\u00e9hicules \u00bb. De plus, les co\u00fbts entra\u00een\u00e9s par la r\u00e9paration de votre v\u00e9hicule continuent \u00e0 augmenter. Ci-dessous, vous retrouverez certains des prix moyens associ\u00e9s \u00e0 certaines composantes majeures :\n<ol>\n<li>Air climatis\u00e9: <strong>1,000$ et + <\/strong><\/li>\n<li>Composantes \u00e9lectriques: <strong>800$ et +<\/strong><\/li>\n<li>R\u00e9vision du moteur:  <strong>3,000$ et +<\/strong><\/li>\n<li>Soudures et joints: <strong>500$\u20132,000$<\/strong><\/li>\n<li>Bo\u00eete de vitesses\/Diff\u00e9rentiel: <strong>1,500$ et +<\/strong><\/li>\n<li>Bo\u00eete de transmission: <strong>2,000$\u20133,000$<\/strong><\/li>\n<li>Transmission: <strong>2,000$\u20136,000$<\/strong><\/li>\n<li>Turbo\/Compresseur de suralimentation: <strong>1,500$ et +<\/strong><\/li>\n<\/ol>\n<\/li>\n<li>Une \u00e9quipe de service \u00e0 la client\u00e8le efficace et courtoise.<\/li>\n<li>Une couverture facile \u00e0 mettre en place. Pas de papiers p\u00e9nibles qui prennent des heures \u00e0 lire.<\/li>\n<li>Un paiement direct aux centres de r\u00e9paration. Nous paierons vos factures de r\u00e9parations automobiles afin que vous n\u2019ayez pas \u00e0 le faire.<\/li>\n<li>Un entretien sans tracas.<\/li>\n<li>Des garanties automobiles faciles \u00e0 transf\u00e9rer qui peuvent potentiellement augmenter la valeur de revente de votre voiture.<\/li>\n<li>Le remorquage, l\u2019interruption de voyage et le transport\/h\u00e9bergement. Voir le contrat pour plus de d\u00e9tails.<\/li>\n<li>Une couverture flexible, personnalis\u00e9e pour r\u00e9pondre \u00e0 vos besoins. Vous choisissez la couverture et la franchise, puis nous nous occupons de vos factures de r\u00e9paration co\u00fbteuses.<\/li>\n<li>Le meilleur service, au meilleur prix. Nous offrons les prix les plus comp\u00e9titifs sur une longue liste de garanties automobiles.<\/li>\n<li>Une couverture \u00e0 travers l\u2019ensemble de l\u2019Am\u00e9rique du Nord.<\/li>\n<\/ol>\n<\/div>\n<p><\/p>","protected":false},"excerpt":{"rendered":"<p>Les 10 meilleures raisons de choisir la compagnie de garantie A-Protect Dans le monde d\u2019aujourd\u2019hui, chaque dollar compte. Malheureusement, peu importe ce que nous faisons pour nous pr\u00e9parer aux \u00e9ventualit\u00e9s, une facture de r\u00e9paration impr\u00e9vue peut \u00eatre d\u00e9vastatrice et semble &hellip; <a href=\"https:\/\/a-protectwarranty.com\/fr\/why-choose-a-protect-auto-warranty\/\">\u0421ontinuer la lecture <span class=\"meta-nav\">&rarr;<\/span><\/a><\/p>\n","protected":false},"author":15,"featured_media":889,"parent":0,"menu_order":0,"comment_status":"open","ping_status":"open","template":"innerpage-template.php","meta":[],"_links":{"self":[{"href":"https:\/\/a-protectwarranty.com\/fr\/wp-json\/wp\/v2\/pages\/87"}],"collection":[{"href":"https:\/\/a-protectwarranty.com\/fr\/wp-json\/wp\/v2\/pages"}],"about":[{"href":"https:\/\/a-protectwarranty.com\/fr\/wp-json\/wp\/v2\/types\/page"}],"author":[{"embeddable":true,"href":"https:\/\/a-protectwarranty.com\/fr\/wp-json\/wp\/v2\/users\/15"}],"replies":[{"embeddable":true,"href":"https:\/\/a-protectwarranty.com\/fr\/wp-json\/wp\/v2\/comments?post=87"}],"version-history":[{"count":44,"href":"https:\/\/a-protectwarranty.com\/fr\/wp-json\/wp\/v2\/pages\/87\/revisions"}],"predecessor-version":[{"id":2910,"href":"https:\/\/a-protectwarranty.com\/fr\/wp-json\/wp\/v2\/pages\/87\/revisions\/2910"}],"wp:featuredmedia":[{"embeddable":true,"href":"https:\/\/a-protectwarranty.com\/fr\/wp-json\/wp\/v2\/media\/889"}],"wp:attachment":[{"href":"https:\/\/a-protectwarranty.com\/fr\/wp-json\/wp\/v2\/media?parent=87"}],"curies":[{"name":"wp","href":"https:\/\/api.w.org\/{rel}","templated":true}]}}