{"id":832,"date":"2016-01-13T10:46:19","date_gmt":"2016-01-13T10:46:19","guid":{"rendered":"http:\/\/a-protectwarranty.com\/?page_id=832"},"modified":"2019-10-10T02:12:33","modified_gmt":"2019-10-10T06:12:33","slug":"home-who-we-are","status":"publish","type":"page","link":"https:\/\/a-protectwarranty.com\/fr\/home-who-we-are\/","title":{"rendered":"Home WHO WE ARE"},"content":{"rendered":"<p><\/p>\n<h2 class=\"h1\">POURQUOI ASSURER UNE VOITURE PLUS VIEILLE?<\/h2>\n<p>Jetez un coup d\u2019\u0153il \u00e0 toutes les raisons pour lesquelles assurer un v\u00e9hicule plus vieux est une bonne id\u00e9e. Que vous ayez achet\u00e9 votre v\u00e9hicule chez un particulier ou que vous poss\u00e9diez simplement une voiture plus vieille, A-Protect peut vous fournir la protection id\u00e9ale qui conviendra \u00e0 vos besoins et \u00e0 votre budget.<\/p>","protected":false},"excerpt":{"rendered":"<p>POURQUOI ASSURER UNE VOITURE PLUS VIEILLE? Jetez un coup d\u2019\u0153il \u00e0 toutes les raisons pour lesquelles assurer un v\u00e9hicule plus vieux est une bonne id\u00e9e. Que vous ayez achet\u00e9 votre v\u00e9hicule chez un particulier ou que vous poss\u00e9diez simplement une &hellip; <a href=\"https:\/\/a-protectwarranty.com\/fr\/home-who-we-are\/\">\u0421ontinuer la lecture <span class=\"meta-nav\">&rarr;<\/span><\/a><\/p>\n","protected":false},"author":15,"featured_media":0,"parent":0,"menu_order":0,"comment_status":"closed","ping_status":"closed","template":"","meta":[],"_links":{"self":[{"href":"https:\/\/a-protectwarranty.com\/fr\/wp-json\/wp\/v2\/pages\/832"}],"collection":[{"href":"https:\/\/a-protectwarranty.com\/fr\/wp-json\/wp\/v2\/pages"}],"about":[{"href":"https:\/\/a-protectwarranty.com\/fr\/wp-json\/wp\/v2\/types\/page"}],"author":[{"embeddable":true,"href":"https:\/\/a-protectwarranty.com\/fr\/wp-json\/wp\/v2\/users\/15"}],"replies":[{"embeddable":true,"href":"https:\/\/a-protectwarranty.com\/fr\/wp-json\/wp\/v2\/comments?post=832"}],"version-history":[{"count":9,"href":"https:\/\/a-protectwarranty.com\/fr\/wp-json\/wp\/v2\/pages\/832\/revisions"}],"predecessor-version":[{"id":3115,"href":"https:\/\/a-protectwarranty.com\/fr\/wp-json\/wp\/v2\/pages\/832\/revisions\/3115"}],"wp:attachment":[{"href":"https:\/\/a-protectwarranty.com\/fr\/wp-json\/wp\/v2\/media?parent=832"}],"curies":[{"name":"wp","href":"https:\/\/api.w.org\/{rel}","templated":true}]}}