{"id":83,"date":"2015-03-20T20:28:42","date_gmt":"2015-03-20T20:28:42","guid":{"rendered":"http:\/\/planext.ca\/a-protect\/?page_id=83"},"modified":"2026-03-23T16:51:28","modified_gmt":"2026-03-23T20:51:28","slug":"about-a-protect-warranty","status":"publish","type":"page","link":"https:\/\/a-protectwarranty.com\/fr\/about-a-protect-warranty\/","title":{"rendered":"\u00c0 PROPOS DE LA GARANTIE A-PROTECT"},"content":{"rendered":"<p><\/p>\n<div class=\"contenernewtext\">\n<h2><strong>\u00c9tablie en 1999, A-Protect Warranty Corporation est devenue l\u2019une des compagnies de garantie automobile en t\u00eate du march\u00e9 au Canada.<\/strong><\/h2>\n<p>Apr\u00e8s pr\u00e8s de deux d\u00e9cennies d\u2019excellence, la garantie A-Protect est toujours vendue par des concessionnaires d\u00e9taillants partout \u00e0 travers le Canada. Ce qui nous diff\u00e9rencie des autres? Un service de qualit\u00e9. Avec notre vaste \u00e9ventail de garanties automobiles, nous offrons une protection remarquable et abordable contre les d\u00e9fauts m\u00e9caniques pour tous les mod\u00e8les de toutes les marques de voitures, peu importe le kilom\u00e9trage de votre v\u00e9hicule.<\/p>\n<p>Nos produits de <a href=\"http:\/\/a-protectwarranty.com\/package\/\">garantie automobile<\/a> sont prot\u00e9g\u00e9s par une lettre de cr\u00e9dit, tel que requis par la Loi de 2010 sur le commerce des v\u00e9hicules automobiles. Nous offrons un vaste \u00e9ventail de forfaits de garantie automobile qui se retrouvent constamment au sommet du classement dans le secteur de la garantie automobile. La compagnie de garantie A-Protect prend soin de ses clients d\u2019une mani\u00e8re unique, in\u00e9gal\u00e9e par plusieurs autres compagnies : notre service \u00e0 la client\u00e8le est imbattable. Nous ne vous enverrons jamais faire affaire avec une tierce partie inconnue; nous faisons plut\u00f4t affaire avec un vaste r\u00e9seau de compagnies de service hautement talentueuses et qualifi\u00e9es, puis les payons directement afin que vous n\u2019ayez pas \u00e0 le faire.<\/p>\n<p>Depuis le premier jour, notre mission a \u00e9t\u00e9 d\u2019offrir aux clients le meilleur service possible pour le meilleur prix. Pr\u00e8s de deux d\u00e9cennies plus tard, nous sommes devenus l\u2019une des compagnies <a href=\"https:\/\/a-protectwarranty.com\/why-choose-a-protect-auto-warranty\/\">en t\u00eate du secteur<\/a>, offrant la paix d\u2019esprit \u00e0 d\u2019innombrables clients qui savent qu\u2019ils sont prot\u00e9g\u00e9s.<\/p>\n<\/div>\n<p><\/p>","protected":false},"excerpt":{"rendered":"<h1>About A-Protect Warranty<\/h1>\n<p>Established in 1999, A-Protect Warranty Corporation has emerged as one of Canada&#8217;s leading auto warranty companies.<\/p>\n<p>After almost two decades of excellence, A-Protect Warranty Corporation continues to be sold by retail dealerships throughout Canada. What separates us from the rest? Quality service. With our wide range of auto warranties, we provide invaluable and affordable mechanical breakdown protection on all automobile makes and models, regardless of how many kilometers you&#8217;ve put on your vehicle. <\/p>\n<p> <a href=\"https:\/\/a-protectwarranty.com\/fr\/about-a-protect-warranty\/\">\u0421ontinuer la lecture <span class=\"meta-nav\">&rarr;<\/span><\/a><\/p>\n","protected":false},"author":15,"featured_media":886,"parent":0,"menu_order":0,"comment_status":"open","ping_status":"open","template":"innerpage-template.php","meta":[],"_links":{"self":[{"href":"https:\/\/a-protectwarranty.com\/fr\/wp-json\/wp\/v2\/pages\/83"}],"collection":[{"href":"https:\/\/a-protectwarranty.com\/fr\/wp-json\/wp\/v2\/pages"}],"about":[{"href":"https:\/\/a-protectwarranty.com\/fr\/wp-json\/wp\/v2\/types\/page"}],"author":[{"embeddable":true,"href":"https:\/\/a-protectwarranty.com\/fr\/wp-json\/wp\/v2\/users\/15"}],"replies":[{"embeddable":true,"href":"https:\/\/a-protectwarranty.com\/fr\/wp-json\/wp\/v2\/comments?post=83"}],"version-history":[{"count":27,"href":"https:\/\/a-protectwarranty.com\/fr\/wp-json\/wp\/v2\/pages\/83\/revisions"}],"predecessor-version":[{"id":2905,"href":"https:\/\/a-protectwarranty.com\/fr\/wp-json\/wp\/v2\/pages\/83\/revisions\/2905"}],"wp:featuredmedia":[{"embeddable":true,"href":"https:\/\/a-protectwarranty.com\/fr\/wp-json\/wp\/v2\/media\/886"}],"wp:attachment":[{"href":"https:\/\/a-protectwarranty.com\/fr\/wp-json\/wp\/v2\/media?parent=83"}],"curies":[{"name":"wp","href":"https:\/\/api.w.org\/{rel}","templated":true}]}}