{"id":41,"date":"2015-03-16T15:43:11","date_gmt":"2015-03-16T15:43:11","guid":{"rendered":"http:\/\/planext.ca\/a-protect\/?page_id=41"},"modified":"2019-02-25T12:46:38","modified_gmt":"2019-02-25T17:46:38","slug":"about-us","status":"publish","type":"page","link":"https:\/\/a-protectwarranty.com\/fr\/about-us\/","title":{"rendered":"\u00c0 PROPOS"},"content":{"rendered":"<p><\/p>\n<div class=\"contenernewtext\">\n<p>Avec une garantie automobile A-Protect, prot\u00e9ger votre v\u00e9hicule n\u2019aura jamais \u00e9t\u00e9 aussi simple, puisque nous comprenons que le service \u00e0 la client\u00e8le est la cl\u00e9 du succ\u00e8s. Il n\u2019y a simplement aucune autre compagnie de garantie qui vous offre des services aussi rapides, sp\u00e9cialis\u00e9s et fiables. Lorsque vous <a href=\"http:\/\/a-protectwarranty.com\/contact-us\/\">rejoindrez nos bureaux par t\u00e9l\u00e9phone<\/a>, vous parlerez \u00e0 l\u2019un de nos repr\u00e9sentants, qui vous offrira un service personnalis\u00e9 et courtois. Nous vous \u00e9couterons et travaillerons avec vous. Nous personnaliserons une garantie automobile afin qu\u2019elle convienne \u00e0 vos besoins, prenant en consid\u00e9ration toutes vos inqui\u00e9tudes \u2013 en plus de vous offrir les prix les plus abordables.<br \/>\nSi vous d\u00e9sirez la paix d\u2019esprit et la s\u00e9curit\u00e9 qui accompagnent une garantie automobile, ne prenez aucune chance. Ce n\u2019est pas une question de si vous devrez faire r\u00e9parer votre voiture, c\u2019est une question de quand. Malheureusement, les pannes et les d\u00e9fauts peuvent survenir \u00e0 n\u2019importe quel moment sur une voiture, et les prix continuent \u00e0 augmenter. A-Protect offre un vaste \u00e9ventail de garanties automobiles qui vous prot\u00e9geront contre de tels co\u00fbts potentiels. Contactez-nous d\u00e8s aujourd\u2019hui et prot\u00e9gez-vous gr\u00e2ce aux leaders du secteur de la garantie automobile. Pour plus de d\u00e9tails sur comment acheter une garantie automobile personnalis\u00e9e \u00e0 vos besoins, veuillez nous contacter au :<\/p>\n<p><strong>Sans frais : <\/strong> 1-866-660-6444<\/p>\n<p><strong>R\u00e9sidents de la r\u00e9gion du Grand Toronto : <\/strong> 416-661-7444<\/p>\n<\/div>\n<p><\/p>","protected":false},"excerpt":{"rendered":"<h1>A-Protect Warranty Corporation<\/h1>\n<p>With an A-Protect auto warranty, protecting your vehicle has never been easier, because we understand that customer service is a key to success. There&#8217;s simply no other car warranty company that works harder to provide you with prompt, dedicated, and reliable services. When you call our offices, you&#8217;ll speak with one of our representatives, who will provide you with one-on-one, courteous customer service. We&#8217;ll listen to you and work with you. We&#8217;ll customize a car warranty to fit your needs, taking into account all of your concerns \u2014 including offering the most affordable prices.<\/p>\n<p> <a href=\"https:\/\/a-protectwarranty.com\/fr\/about-us\/\">\u0421ontinuer la lecture <span class=\"meta-nav\">&rarr;<\/span><\/a><\/p>\n","protected":false},"author":15,"featured_media":886,"parent":0,"menu_order":0,"comment_status":"open","ping_status":"open","template":"innerpage-template_bak.php","meta":[],"_links":{"self":[{"href":"https:\/\/a-protectwarranty.com\/fr\/wp-json\/wp\/v2\/pages\/41"}],"collection":[{"href":"https:\/\/a-protectwarranty.com\/fr\/wp-json\/wp\/v2\/pages"}],"about":[{"href":"https:\/\/a-protectwarranty.com\/fr\/wp-json\/wp\/v2\/types\/page"}],"author":[{"embeddable":true,"href":"https:\/\/a-protectwarranty.com\/fr\/wp-json\/wp\/v2\/users\/15"}],"replies":[{"embeddable":true,"href":"https:\/\/a-protectwarranty.com\/fr\/wp-json\/wp\/v2\/comments?post=41"}],"version-history":[{"count":32,"href":"https:\/\/a-protectwarranty.com\/fr\/wp-json\/wp\/v2\/pages\/41\/revisions"}],"predecessor-version":[{"id":2906,"href":"https:\/\/a-protectwarranty.com\/fr\/wp-json\/wp\/v2\/pages\/41\/revisions\/2906"}],"wp:featuredmedia":[{"embeddable":true,"href":"https:\/\/a-protectwarranty.com\/fr\/wp-json\/wp\/v2\/media\/886"}],"wp:attachment":[{"href":"https:\/\/a-protectwarranty.com\/fr\/wp-json\/wp\/v2\/media?parent=41"}],"curies":[{"name":"wp","href":"https:\/\/api.w.org\/{rel}","templated":true}]}}