{"id":308,"date":"2015-04-30T11:10:46","date_gmt":"2015-04-30T11:10:46","guid":{"rendered":"http:\/\/planext.ca\/a-protect\/?page_id=308"},"modified":"2024-08-20T15:19:46","modified_gmt":"2024-08-20T19:19:46","slug":"contact-us","status":"publish","type":"page","link":"https:\/\/a-protectwarranty.com\/fr\/contact-us\/","title":{"rendered":"Nous contacter"},"content":{"rendered":"<p><\/p>\n<div class=\"contenernewtext contact\">\n<div class=\"contadd\">\n<h6><strong>Adresse:<\/strong><\/h6>\n<p>7250 Keele Rue, Bureau 421<br \/>\nConcord, Ontario, L4K 1Z8<\/p>\n<p>&nbsp;<\/p>\n<h6><strong>T\u00e9l\u00e9phone:<\/strong><\/h6>\n<p>1-866-660-6444 (sans frais)<br \/>\n416-661-7444<\/p>\n<p>&nbsp;<\/p>\n<h6><strong>T\u00e9l\u00e9copieur:<\/strong><\/h6>\n<p>416-661-7448<\/p>\n<\/div>\n<div class=\"contact-form\"><div role=\"form\" class=\"wpcf7\" id=\"wpcf7-f2713-o2\" lang=\"en-US\" dir=\"ltr\">\n<div class=\"screen-reader-response\"><\/div>\n<form action=\"\/fr\/wp-json\/wp\/v2\/pages\/308#wpcf7-f2713-o2\" method=\"post\" class=\"wpcf7-form\" novalidate=\"novalidate\">\n<div style=\"display: none;\">\n<input type=\"hidden\" name=\"_wpcf7\" value=\"2713\" \/>\n<input type=\"hidden\" name=\"_wpcf7_version\" value=\"4.6\" \/>\n<input type=\"hidden\" name=\"_wpcf7_locale\" value=\"en_US\" \/>\n<input type=\"hidden\" name=\"_wpcf7_unit_tag\" value=\"wpcf7-f2713-o2\" \/>\n<input type=\"hidden\" name=\"_wpnonce\" value=\"41921bc3b5\" \/>\n<\/div>\n<p> <span class=\"wpcf7-form-control-wrap your-name\"><input type=\"text\" name=\"your-name\" value=\"\" size=\"40\" class=\"wpcf7-form-control wpcf7-text wpcf7-validates-as-required\" aria-required=\"true\" aria-invalid=\"false\" placeholder=\"Votre nom\" \/><\/span> <\/p>\n<p><span class=\"wpcf7-form-control-wrap your-email\"><input type=\"email\" name=\"your-email\" value=\"\" size=\"40\" class=\"wpcf7-form-control wpcf7-text wpcf7-email wpcf7-validates-as-required wpcf7-validates-as-email\" aria-required=\"true\" aria-invalid=\"false\" placeholder=\"Adresse courriel\" \/><\/span> <\/p>\n<p><span class=\"wpcf7-form-control-wrap your-phone\"><input type=\"text\" name=\"your-phone\" value=\"Phone number\" size=\"40\" minlength=\"10\" class=\"wpcf7-form-control wpcf7-text wpcf7-validates-as-required tel-ne\" aria-required=\"true\" aria-invalid=\"false\" \/><\/span><\/p>\n<p><span class=\"wpcf7-form-control-wrap menu\"><select name=\"menu\" class=\"wpcf7-form-control wpcf7-select\" aria-invalid=\"false\"><option value=\"Veuillez choisir un d\u00e9partement\">Veuillez choisir un d\u00e9partement<\/option><option value=\"Service \u00e0 la client\u00e8le\">Service \u00e0 la client\u00e8le<\/option><option value=\"Facturation\">Facturation<\/option><option value=\"Questions sur la garantie\">Questions sur la garantie<\/option><option value=\"Demande de soumission\">Demande de soumission<\/option><\/select><\/span><\/p>\n<p><span class=\"wpcf7-form-control-wrap your-message\"><textarea name=\"your-message\" cols=\"40\" rows=\"10\" class=\"wpcf7-form-control wpcf7-textarea\" aria-invalid=\"false\" placeholder=\"Comment pouvons-nous vous aider?\"><\/textarea><\/span> <\/p>\n<div class=\"wpcf7-form-control-wrap\"><div data-sitekey=\"6LclkocUAAAAAPQzGkDL9TmNxkXUHjLMDRh1fO_9\" class=\"wpcf7-form-control g-recaptcha wpcf7-recaptcha\"><\/div>\n<noscript>\n\t<div style=\"width: 302px; height: 422px;\">\n\t\t<div style=\"width: 302px; height: 422px; position: relative;\">\n\t\t\t<div style=\"width: 302px; height: 422px; position: absolute;\">\n\t\t\t\t<iframe src=\"https:\/\/www.google.com\/recaptcha\/api\/fallback?k=6LclkocUAAAAAPQzGkDL9TmNxkXUHjLMDRh1fO_9\" frameborder=\"0\" scrolling=\"no\" style=\"width: 302px; height:422px; border-style: none;\">\n\t\t\t\t<\/iframe>\n\t\t\t<\/div>\n\t\t\t<div style=\"width: 300px; height: 60px; border-style: none; bottom: 12px; left: 25px; margin: 0px; padding: 0px; right: 25px; background: #f9f9f9; border: 1px solid #c1c1c1; border-radius: 3px;\">\n\t\t\t\t<textarea id=\"g-recaptcha-response\" name=\"g-recaptcha-response\" class=\"g-recaptcha-response\" style=\"width: 250px; height: 40px; border: 1px solid #c1c1c1; margin: 10px 25px; padding: 0px; resize: none;\">\n\t\t\t\t<\/textarea>\n\t\t\t<\/div>\n\t\t<\/div>\n\t<\/div>\n<\/noscript>\n<\/div>\n<p><input type=\"submit\" value=\"ENVOYER\" class=\"wpcf7-form-control wpcf7-submit\" \/><\/p>\n<div class=\"wpcf7-response-output wpcf7-display-none\"><\/div><\/form><\/div><\/div>\n<p><\/p>","protected":false},"excerpt":{"rendered":"<p>Adresse: 7250 Keele Rue, Bureau 421 Concord, Ontario, L4K 1Z8 &nbsp; T\u00e9l\u00e9phone: 1-866-660-6444 (sans frais) 416-661-7444 &nbsp; T\u00e9l\u00e9copieur: 416-661-7448<\/p>\n","protected":false},"author":15,"featured_media":889,"parent":0,"menu_order":0,"comment_status":"closed","ping_status":"open","template":"contact-template.php","meta":[],"_links":{"self":[{"href":"https:\/\/a-protectwarranty.com\/fr\/wp-json\/wp\/v2\/pages\/308"}],"collection":[{"href":"https:\/\/a-protectwarranty.com\/fr\/wp-json\/wp\/v2\/pages"}],"about":[{"href":"https:\/\/a-protectwarranty.com\/fr\/wp-json\/wp\/v2\/types\/page"}],"author":[{"embeddable":true,"href":"https:\/\/a-protectwarranty.com\/fr\/wp-json\/wp\/v2\/users\/15"}],"replies":[{"embeddable":true,"href":"https:\/\/a-protectwarranty.com\/fr\/wp-json\/wp\/v2\/comments?post=308"}],"version-history":[{"count":50,"href":"https:\/\/a-protectwarranty.com\/fr\/wp-json\/wp\/v2\/pages\/308\/revisions"}],"predecessor-version":[{"id":3889,"href":"https:\/\/a-protectwarranty.com\/fr\/wp-json\/wp\/v2\/pages\/308\/revisions\/3889"}],"wp:featuredmedia":[{"embeddable":true,"href":"https:\/\/a-protectwarranty.com\/fr\/wp-json\/wp\/v2\/media\/889"}],"wp:attachment":[{"href":"https:\/\/a-protectwarranty.com\/fr\/wp-json\/wp\/v2\/media?parent=308"}],"curies":[{"name":"wp","href":"https:\/\/api.w.org\/{rel}","templated":true}]}}