{"id":300,"date":"2015-04-30T09:50:41","date_gmt":"2015-04-30T09:50:41","guid":{"rendered":"http:\/\/planext.ca\/a-protect\/?page_id=300"},"modified":"2025-08-05T20:29:03","modified_gmt":"2025-08-06T00:29:03","slug":"a-protect-activation-procedure","status":"publish","type":"page","link":"https:\/\/a-protectwarranty.com\/fr\/a-protect-activation-procedure\/","title":{"rendered":"Proc\u00e9dure d\u2019activation"},"content":{"rendered":"<p><\/p>\n<div class=\"contenernewtext\">\n<h6>L\u2019activation de votre garantie automobile est un processus simple et rapide. Suivez simplement les \u00e9tapes ci-dessous et vous obtiendrez la paix d\u2019esprit qui accompagne le fait de savoir que vous \u00eates prot\u00e9g\u00e9 contre les d\u00e9penses co\u00fbteuses souvent associ\u00e9es \u00e0 des r\u00e9parations impr\u00e9vues.<\/h6>\n<p>&nbsp;<\/p>\n<ol class=\"onsite\">\n<li><strong>Le concessionnaire doit soumettre votre application \u00e0 A-Protect dans les 7 jours qui suivent.<\/strong><\/li>\n<li><strong>Pour activer votre <a href=\"https:\/\/a-protectwarranty.com\/\">garantie automobile<\/a>, contactez A-Protect Warranty Corporation dans les 20 jours qui suivent afin de recevoir un code de validation, \u00e0 l\u2019int\u00e9rieur des heures d\u2019ouverture r\u00e9guli\u00e8res (du lundi au vendredi, de 9h \u00e0 20h). Une fois votre code de validation re\u00e7u, une confirmation vous sera envoy\u00e9e par courriel ou par la poste au courant des six \u00e0 huit semaines suivantes. L\u00e0 o\u00f9 applicable, des frais d\u2019activation uniques devront \u00eatre pay\u00e9s. Ceci est sujet \u00e0 \u00eatre modifi\u00e9 sans avertissement.<\/strong><\/li>\n<\/ol>\n<h6>Pour toute question ou inqui\u00e9tude, nous sommes l\u00e0 pour vous aider. Contactez l\u2019un de nos repr\u00e9sentants au service \u00e0 la client\u00e8le et vous recevrez une <a href=\"https:\/\/a-protectwarranty.com\/contact-us\/\">assistance personnalis\u00e9e<\/a> ainsi qu\u2019une vue d\u2019ensemble des options qui conviendront le mieux \u00e0 vos besoins. Nous voulons rendre chaque exp\u00e9rience A-Protect aussi positive que possible, et garantissons que notre \u00e9quipe bien inform\u00e9e et courtoise saura y arriver.<\/h6>\n<\/div>\n<p><\/p>","protected":false},"excerpt":{"rendered":"<p>L\u2019activation de votre garantie automobile est un processus simple et rapide. Suivez simplement les \u00e9tapes ci-dessous et vous obtiendrez la paix d\u2019esprit qui accompagne le fait de savoir que vous \u00eates prot\u00e9g\u00e9 contre les d\u00e9penses co\u00fbteuses souvent associ\u00e9es \u00e0 des &hellip; <a href=\"https:\/\/a-protectwarranty.com\/fr\/a-protect-activation-procedure\/\">\u0421ontinuer la lecture <span class=\"meta-nav\">&rarr;<\/span><\/a><\/p>\n","protected":false},"author":15,"featured_media":895,"parent":0,"menu_order":0,"comment_status":"open","ping_status":"open","template":"activationformpage-template.php","meta":[],"_links":{"self":[{"href":"https:\/\/a-protectwarranty.com\/fr\/wp-json\/wp\/v2\/pages\/300"}],"collection":[{"href":"https:\/\/a-protectwarranty.com\/fr\/wp-json\/wp\/v2\/pages"}],"about":[{"href":"https:\/\/a-protectwarranty.com\/fr\/wp-json\/wp\/v2\/types\/page"}],"author":[{"embeddable":true,"href":"https:\/\/a-protectwarranty.com\/fr\/wp-json\/wp\/v2\/users\/15"}],"replies":[{"embeddable":true,"href":"https:\/\/a-protectwarranty.com\/fr\/wp-json\/wp\/v2\/comments?post=300"}],"version-history":[{"count":21,"href":"https:\/\/a-protectwarranty.com\/fr\/wp-json\/wp\/v2\/pages\/300\/revisions"}],"predecessor-version":[{"id":4205,"href":"https:\/\/a-protectwarranty.com\/fr\/wp-json\/wp\/v2\/pages\/300\/revisions\/4205"}],"wp:featuredmedia":[{"embeddable":true,"href":"https:\/\/a-protectwarranty.com\/fr\/wp-json\/wp\/v2\/media\/895"}],"wp:attachment":[{"href":"https:\/\/a-protectwarranty.com\/fr\/wp-json\/wp\/v2\/media?parent=300"}],"curies":[{"name":"wp","href":"https:\/\/api.w.org\/{rel}","templated":true}]}}