{"id":2422,"date":"2017-06-20T12:02:00","date_gmt":"2017-06-20T16:02:00","guid":{"rendered":"http:\/\/a-protectwarranty.com\/?page_id=2422"},"modified":"2026-03-06T17:01:27","modified_gmt":"2026-03-06T22:01:27","slug":"total-loss-protection-coverage-2-2","status":"publish","type":"page","link":"https:\/\/a-protectwarranty.com\/fr\/total-loss-protection-coverage-2-2\/","title":{"rendered":"QU\u2019EST-CE QUE L\u2019ASSURANCE GAP?"},"content":{"rendered":"<p><a href=\"http:\/\/a-protectwarranty.com\/wp-content\/uploads\/2017\/06\/Gap-Logo.png\"><img decoding=\"async\" loading=\"lazy\" class=\"size-medium wp-image-2456 alignleft\" src=\"http:\/\/a-protectwarranty.com\/wp-content\/uploads\/2017\/06\/Gap-Logo-300x203.png\" alt=\"Gap-Logo\" width=\"300\" height=\"203\" srcset=\"https:\/\/a-protectwarranty.com\/wp-content\/uploads\/2017\/06\/Gap-Logo-300x203.png 300w, https:\/\/a-protectwarranty.com\/wp-content\/uploads\/2017\/06\/Gap-Logo-768x519.png 768w, https:\/\/a-protectwarranty.com\/wp-content\/uploads\/2017\/06\/Gap-Logo-1024x692.png 1024w, https:\/\/a-protectwarranty.com\/wp-content\/uploads\/2017\/06\/Gap-Logo-444x300.png 444w, https:\/\/a-protectwarranty.com\/wp-content\/uploads\/2017\/06\/Gap-Logo.png 1226w\" sizes=\"(max-width: 300px) 100vw, 300px\" \/><\/a>L\u2019assurance Gap, aussi connue comme la couverture de paiement du pr\u00eat-location, peut offrir une protection int\u00e9ressante durant les premi\u00e8res ann\u00e9es de vie de votre voiture si vous avez un pr\u00eat ou qu\u2019il s\u2019agit d\u2019un v\u00e9hicule de location.<\/p>\n<p>Si une perte survenait, l\u2019assurance automobile Gap paiera la diff\u00e9rence entre la valeur mon\u00e9taire r\u00e9elle du v\u00e9hicule et le solde de ce qu\u2019il vous reste actuellement \u00e0 payer sur votre pr\u00eat ou location. Parfois, elle paiera \u00e9galement la franchise d\u2019assurance r\u00e9guli\u00e8re.<\/p>\n<p>Si votre v\u00e9hicule a \u00e9t\u00e9 d\u00e9truit par un \u00e9v\u00e9nement soudain couvert, tel qu\u2019un accident, un vol, un feu, une inondation, une tornade, du vandalisme ou un ouragan, votre compagnie d\u2019assurance vous remboursera la valeur mon\u00e9taire r\u00e9elle de votre voiture, si vous poss\u00e9dez une assurance compr\u00e9hensive qui vous prot\u00e8ge contre les collisions. Ce montant est souvent consid\u00e9rablement plus bas que le montant r\u00e9el que vous devez encore d\u00e9bourser pour rembourser votre pr\u00eat ou pour payer le reste de votre location. C\u2019est l\u00e0 o\u00f9 l\u2019assurance Gap entre en jeu et couvre la diff\u00e9rence entre la valeur mon\u00e9taire r\u00e9elle et votre solde.<\/p>\n<p>&nbsp;<\/p>\n<h3><strong>Prot\u00e9gez-vous contre les situations impr\u00e9visibles<\/strong><\/h3>\n<div class=\"protect-img-container\">\n<div class=\"col-4\"><strong>VOL<\/strong><img decoding=\"async\" class=\"size-full\" src=\"http:\/\/a-protectwarranty.com\/wp-content\/uploads\/2017\/06\/theft-A-Protect.jpg\" alt=\"accident-A-Protect\" \/><\/div>\n<div class=\"col-4\"><strong>FEU<\/strong><img decoding=\"async\" class=\"size-full\" src=\"http:\/\/a-protectwarranty.com\/wp-content\/uploads\/2017\/06\/fire-A-Protect.jpg\" alt=\"fire-A-Protect\" \/><\/div>\n<div class=\"col-4\"><strong>ACCIDENT<\/strong><img decoding=\"async\" class=\"size-full\" src=\"http:\/\/a-protectwarranty.com\/wp-content\/uploads\/2017\/06\/accident-A-Protect.jpg\" alt=\"accident-A-Protect\" \/><\/div>\n<\/div>\n<p>&nbsp;<\/p>\n<h3><strong>Avez-vous besoin de l\u2019assurance Gap?<\/strong><\/h3>\n<p>\u00catre propri\u00e9taire d\u2019une voiture peut entra\u00eener beaucoup de d\u00e9penses. Toutefois, dans la plupart des cas, une assurance gap est une d\u00e9pense \u00ab INCONTOURNABLE \u00bb si vous achetez un v\u00e9hicule \u00e0 cr\u00e9dit. Si vous n\u2019en avez pas, vous risquez de devoir rembourser un pr\u00eat automobile co\u00fbteux pour un v\u00e9hicule que vous ne pouvez m\u00eame plus conduire. Pour seulement quelques dollars par mois, vous pouvez vous \u00e9viter des pertes non n\u00e9cessaires.<\/p>\n<p><img decoding=\"async\" loading=\"lazy\" class=\"alignnone wp-image-2673 size-full\" src=\"https:\/\/a-protectwarranty.com\/wp-content\/uploads\/2018\/08\/what-gap.jpg\" alt=\"\" width=\"471\" height=\"280\" srcset=\"https:\/\/a-protectwarranty.com\/wp-content\/uploads\/2018\/08\/what-gap.jpg 471w, https:\/\/a-protectwarranty.com\/wp-content\/uploads\/2018\/08\/what-gap-300x178.jpg 300w\" sizes=\"(max-width: 471px) 100vw, 471px\" \/><\/p>\n<p>&nbsp;<\/p>\n<p>Alors, si votre voiture est pass\u00e9e par pertes et profits et que vous obtenez une indemnit\u00e9 d\u2019assurance, vous pourriez encore vous retrouver avec un solde de pr\u00eat de 7 000$ en plus de vous retrouver sans voiture! <em>and<\/em> no car!<\/p>\n<p><span style=\"color: #ff0000;\"><strong>Par exemple:<\/strong><\/span><\/p>\n<table class=\"example-table\">\n<tbody>\n<tr>\n<td>Reste du solde<\/td>\n<td>18,000.00$<\/td>\n<\/tr>\n<tr class=\"tr-border-bottom\">\n<td>R\u00e8glement d\u2019assurance<\/td>\n<td>11,000.00$<\/td>\n<\/tr>\n<tr>\n<td>Diff\u00e9rence (couverture GAP)<\/td>\n<td>7,000.00$<\/td>\n<\/tr>\n<tr class=\"tr-border-bottom\">\n<td>Boni de loyaut\u00e9*<\/td>\n<td>+500.00$<\/td>\n<\/tr>\n<tr>\n<td>La protection GAP paie<\/td>\n<td>7,500.00$<\/td>\n<\/tr>\n<\/tbody>\n<\/table>\n<p>&nbsp;<\/p>\n<p>*Le boni de loyaut\u00e9 de 500.00$ est un cr\u00e9dit appliqu\u00e9 au prix d\u2019achat d\u2019un v\u00e9hicule de remplacement chez le m\u00eame concessionnaire\/d\u00e9taillant.<\/p>\n<p>&nbsp;<\/p>\n<h3><span style=\"color: #ff0000;\"><strong>Pour seulement quelques dollars par mois, vous pourriez prot\u00e9ger votre famille contre des d\u00e9penses suppl\u00e9mentaires inutiles!<\/strong><\/span><\/h3>\n<p>&nbsp;<\/p>","protected":false},"excerpt":{"rendered":"<p>L\u2019assurance Gap, aussi connue comme la couverture de paiement du pr\u00eat-location, peut offrir une protection int\u00e9ressante durant les premi\u00e8res ann\u00e9es de vie de votre voiture si vous avez un pr\u00eat ou qu\u2019il s\u2019agit d\u2019un v\u00e9hicule de location. Si une perte &hellip; <a href=\"https:\/\/a-protectwarranty.com\/fr\/total-loss-protection-coverage-2-2\/\">\u0421ontinuer la lecture <span class=\"meta-nav\">&rarr;<\/span><\/a><\/p>\n","protected":false},"author":15,"featured_media":4320,"parent":0,"menu_order":0,"comment_status":"open","ping_status":"open","template":"innerpage-template.php","meta":[],"_links":{"self":[{"href":"https:\/\/a-protectwarranty.com\/fr\/wp-json\/wp\/v2\/pages\/2422"}],"collection":[{"href":"https:\/\/a-protectwarranty.com\/fr\/wp-json\/wp\/v2\/pages"}],"about":[{"href":"https:\/\/a-protectwarranty.com\/fr\/wp-json\/wp\/v2\/types\/page"}],"author":[{"embeddable":true,"href":"https:\/\/a-protectwarranty.com\/fr\/wp-json\/wp\/v2\/users\/15"}],"replies":[{"embeddable":true,"href":"https:\/\/a-protectwarranty.com\/fr\/wp-json\/wp\/v2\/comments?post=2422"}],"version-history":[{"count":59,"href":"https:\/\/a-protectwarranty.com\/fr\/wp-json\/wp\/v2\/pages\/2422\/revisions"}],"predecessor-version":[{"id":4481,"href":"https:\/\/a-protectwarranty.com\/fr\/wp-json\/wp\/v2\/pages\/2422\/revisions\/4481"}],"wp:featuredmedia":[{"embeddable":true,"href":"https:\/\/a-protectwarranty.com\/fr\/wp-json\/wp\/v2\/media\/4320"}],"wp:attachment":[{"href":"https:\/\/a-protectwarranty.com\/fr\/wp-json\/wp\/v2\/media?parent=2422"}],"curies":[{"name":"wp","href":"https:\/\/api.w.org\/{rel}","templated":true}]}}