{"id":226,"date":"2015-04-28T10:58:44","date_gmt":"2015-04-28T10:58:44","guid":{"rendered":"http:\/\/planext.ca\/a-protect\/?page_id=226"},"modified":"2019-07-08T12:29:33","modified_gmt":"2019-07-08T16:29:33","slug":"powertrain-luxury-plus","status":"publish","type":"page","link":"https:\/\/a-protectwarranty.com\/fr\/powertrain-luxury-plus\/","title":{"rendered":"LUXE PLUS"},"content":{"rendered":"<p><\/p>\n<div class=\"plandetail\">\n<div class=\"plandetailtop lightgray\">\n<div class=\"plandetailtext side lightgray\">\n<h1>Groupe motopropulseur<\/h1>\n<ul>\n<li>Moteur<\/li>\n<li>Transmission<\/li>\n<li>Bo\u00eete de vitesses\/Diff\u00e9rentiel<\/li>\n<li>Remorquage<\/li>\n<li>Interruption de voyage<\/li>\n<\/ul>\n<\/div>\n<div class=\"plandetailtext side gray\">\n<h1>Options additionnelles incluses<\/h1>\n<ul>\n<li>4X4\/AWD<\/li>\n<li>Joint de t\u00eate<\/li>\n<li>Turbo\/Compresseur de suralimentation<\/li>\n<li>Soudures et joints<\/li>\n<li>Air climatis\u00e9<\/li>\n<li>Syst\u00e8mes d\u2019alimentation<\/li>\n<li>Syst\u00e8me de refroidissement<\/li>\n<li>Volant \u00e0 direction assist\u00e9e<\/li>\n<li>Suspension avant<\/li>\n<li>Freins<\/li>\n<li>Suppl\u00e9ments:<br \/>\nPompe \u00e0 eau, supports du moteur, cuvette \u00e0 huile, amortisseur de vibrations, poulie, collecteurs d\u2019admission et d\u2019\u00e9chappement, etc.<\/li>\n<li>Composantes \u00e9lectriques:<br \/>\nAlternateur, d\u00e9marreur, sol\u00e9no\u00efde, commutateur, etc.<\/li>\n<\/ul>\n<\/div>\n<\/div>\n<div class=\"additional\">\n<h1>OPTIONS ADDITIONNELLES DISPONIBLES<\/h1>\n<ul>\n<li>12 mois \/ km illimit\u00e9s<\/li>\n<li>24 mois \/ km illimit\u00e9s<\/li>\n<li>36 mois \/ 60 000 km<\/li>\n<li>48 mois \/ 80 000 km<\/li>\n<\/ul>\n<\/div>\n<div class=\"contenernewtext\">\n<h1 align=\"center\">PI\u00c8CES COUVERTES SOUS CETTE OPTION DE GARANTIE<\/h1>\n<\/div>\n<div class=\"contenernewtext coloum\">\n<h2>Couverture du groupe motopropulseur<\/h2>\n<h5><a href=\"http:\/\/a-protectwarranty.com\/signs-that-your-engine-is-not-doing-well\/\">Moteur<\/a>:<\/h5>\n<p>Bloc moteur et t\u00eates de cylindres, vilebrequin et paliers principaux, arbre \u00e0 cames et paliers, engrenages du vilebrequin, tiges et paliers de raccord, tiges, anneaux et punaises poussoirs, courroies ou cha\u00eene(s) et engrenages de distribution, poussoirs de soupape, pistons, valves d\u2019entr\u00e9e et de sortie, ressorts et \u00e9l\u00e9ments de r\u00e9tention des valves, guides et poussoirs, assemblage des bras culbuteurs, pompe \u00e0 huile, cuvette d\u2019huile, pivots, arbre de cabine<\/p>\n<h5>Transmission:<\/h5>\n<h6>&#8211; Automatique<\/h6>\n<p>Bo\u00eetier, convertisseur de couple, valve de modulation, modulateur de d\u00e9pression, corps de la valve, ensembles d\u2019engrenages, arbres de cabine principal et interm\u00e9diaire, pompe \u00e0 huile, r\u00e9gulateur de cabine, embrayages et bandes.<\/p>\n<h6>&#8211; Standard<\/h6>\n<p>Bo\u00eetier, fourchette, arbres de cabine principal et interm\u00e9diaire, supports de synchronisation, plaque de pression.<\/p>\n<h5>Bo\u00eete de vitesses\/Diff\u00e9rentiel:<\/h5>\n<ol class=\"onsite\">\n<li>V\u00e9hicules \u00e0 traction avant (bo\u00eete de vitesses) : Bo\u00eetier, arbres de cabine principaux, paliers, couronne et pignon.<\/li>\n<li>V\u00e9hicules \u00e0 traction arri\u00e8re (diff\u00e9rentiel) : Bo\u00eetier, engrenage et caisse d\u2019entra\u00eenement, pignon d\u2019entra\u00eenement et engrenage du pignon, roue dent\u00e9e, couvercle du diff\u00e9rentiel, supports du diff\u00e9rentiel et paliers.<\/li>\n<li>Diff\u00e9rentiel auxiliaire et caisse de transfert (v\u00e9hicules 4 roues motrices seulement, lorsque l\u2019option 4 par 4 est achet\u00e9e) : Caisse, engrenages et pignons, paliers internes.<\/li>\n<\/ol>\n<h5>Remorquage:<\/h5>\n<p>A-Protect remboursera au client jusqu\u2019\u00e0 50$, \u00e0 chaque fois que surviendront des d\u00e9penses reli\u00e9es au remorquage en raison de toute panne ou d\u00e9faut couvert par le contrat. Une facture valide devra \u00eatre fournie pour obtenir le remboursement.<\/p>\n<h5>Interruption de voyage:<\/h5>\n<p>A-Protect remboursera le client pour l\u2019h\u00e9bergement, les repas, l\u2019autobus ou le taxi, jusqu\u2019\u00e0 50$ ou 150$ pendant la dur\u00e9e de la garantie.<br \/>\nSi le centre de r\u00e9paration autoris\u00e9 est incapable d\u2019offrir des services le m\u00eame jour et\/ou est \u00e0 plus de 200 km de distance de la maison, une facture valide doit \u00eatre fournie pour obtenir un remboursement \u00e0 l\u2019int\u00e9rieur des sept jours suivant l\u2019\u00e9v\u00e9nement.<\/p>\n<\/div>\n<div class=\"contenernewtext coloum\">\n<h2>Options additionnelles<\/h2>\n<h5>Soudures et joints:<\/h5>\n<p>Toutes les soudures et tous les joints utilis\u00e9s pour renfermer des fluides et des lubrifiants \u00e0 l\u2019int\u00e9rieur du moteur, de la transmission et du diff\u00e9rentiel\/de la bo\u00eete de vitesses.<\/p>\n<h5>Joint(s) de t\u00eate:<\/h5>\n<p>Joint(s) de la t\u00eate de cylindre.<\/p>\n<h5>Air climatis\u00e9:<\/h5>\n<p>Compresseur, assemblage de l\u2019embrayage, receveur, s\u00e9choir et \u00e9vaporateur.<\/p>\n<h5>Turbo et compresseur de suralimentation:<\/h5>\n<p>Bo\u00eetier, contr\u00f4leur de la valve de d\u00e9charge, compresseur, refroidisseur interm\u00e9diaire, embrayages et valve de d\u00e9rivation.<\/p>\n<h5>Syst\u00e8mes d\u2019alimentation:<\/h5>\n<p>Pompe \u00e0 injection pour essence et diesel, pompe \u00e0 carburant m\u00e9canique ou \u00e9lectrique, r\u00e9gulateurs de pression d\u2019essence, r\u00e9servoir de carburant et unit\u00e9 d\u2019envoi.<\/p>\n<h5>Syst\u00e8me de refroidissement:<\/h5>\n<p>Moteur et pales du ventilateur du radiateur, embrayage du ventilateur, valve de contr\u00f4le de l\u2019\u00e9l\u00e9ment chauffant et unit\u00e9 de r\u00e9cup\u00e9ration du liquide de refroidissement.<\/p>\n<h5>Volant \u00e0 direction assist\u00e9e:<\/h5>\n<p>Pompe de la direction assist\u00e9e, engrenage du volant, assemblage du support et du pignon.<\/p>\n<h5>Suspension avant:<\/h5>\n<p>Bras de contr\u00f4le sup\u00e9rieurs et inf\u00e9rieurs, joints sph\u00e9riques sup\u00e9rieurs et inf\u00e9rieurs.<\/p>\n<h5>Suppl\u00e9ments:<\/h5>\n<p>Pompe \u00e0 eau, supports du moteur, cuvette \u00e0 huile, amortisseur de vibrations, poulie, collecteurs d\u2019admission et d\u2019\u00e9chappement, arbres de roue, joints et bo\u00eetiers homocin\u00e9tiques, paliers de suspension.<\/p>\n<h5>4X4\/AWD:<\/h5>\n<p>Caisse de transfert<\/p>\n<h5>Composantes \u00e9lectriques:<\/h5>\n<p>Moteur et sol\u00e9no\u00efde du d\u00e9marreur, alternateur et r\u00e9gulateur de voltage, moteurs des essuie-glaces et de la pompe \u00e0 lave-glace avant, moteur et ventilateur chauffants.<\/p>\n<h5>Freins:<\/h5>\n<p>Cylindre principal, surpresseur assist\u00e9 par d\u00e9pression, \u00e9triers de freins \u00e0 disque, cylindres de roue, valve de dosage, tuyaux flexibles pour liquide de freins, conduites et raccords en acier hydrauliques.<br \/>\nExcluant : plaquettes de freins, rev\u00eatement de freins, rotors, tambours et composantes du frein d\u2019urgence.<\/p>\n<\/div>\n<\/div>\n<p><\/p>","protected":false},"excerpt":{"rendered":"<p>Groupe motopropulseur Moteur Transmission Bo\u00eete de vitesses\/Diff\u00e9rentiel Remorquage Interruption de voyage Options additionnelles incluses 4X4\/AWD Joint de t\u00eate Turbo\/Compresseur de suralimentation Soudures et joints Air climatis\u00e9 Syst\u00e8mes d\u2019alimentation Syst\u00e8me de refroidissement Volant \u00e0 direction assist\u00e9e Suspension avant Freins Suppl\u00e9ments: Pompe &hellip; <a href=\"https:\/\/a-protectwarranty.com\/fr\/powertrain-luxury-plus\/\">\u0421ontinuer la lecture <span class=\"meta-nav\">&rarr;<\/span><\/a><\/p>\n","protected":false},"author":15,"featured_media":763,"parent":0,"menu_order":0,"comment_status":"open","ping_status":"open","template":"packages-template.php","meta":[],"_links":{"self":[{"href":"https:\/\/a-protectwarranty.com\/fr\/wp-json\/wp\/v2\/pages\/226"}],"collection":[{"href":"https:\/\/a-protectwarranty.com\/fr\/wp-json\/wp\/v2\/pages"}],"about":[{"href":"https:\/\/a-protectwarranty.com\/fr\/wp-json\/wp\/v2\/types\/page"}],"author":[{"embeddable":true,"href":"https:\/\/a-protectwarranty.com\/fr\/wp-json\/wp\/v2\/users\/15"}],"replies":[{"embeddable":true,"href":"https:\/\/a-protectwarranty.com\/fr\/wp-json\/wp\/v2\/comments?post=226"}],"version-history":[{"count":18,"href":"https:\/\/a-protectwarranty.com\/fr\/wp-json\/wp\/v2\/pages\/226\/revisions"}],"predecessor-version":[{"id":2983,"href":"https:\/\/a-protectwarranty.com\/fr\/wp-json\/wp\/v2\/pages\/226\/revisions\/2983"}],"wp:featuredmedia":[{"embeddable":true,"href":"https:\/\/a-protectwarranty.com\/fr\/wp-json\/wp\/v2\/media\/763"}],"wp:attachment":[{"href":"https:\/\/a-protectwarranty.com\/fr\/wp-json\/wp\/v2\/media?parent=226"}],"curies":[{"name":"wp","href":"https:\/\/api.w.org\/{rel}","templated":true}]}}