{"id":207,"date":"2015-04-28T10:19:06","date_gmt":"2015-04-28T10:19:06","guid":{"rendered":"http:\/\/planext.ca\/a-protect\/?page_id=207"},"modified":"2018-08-11T06:09:39","modified_gmt":"2018-08-11T10:09:39","slug":"powertrain-gold-plus","status":"publish","type":"page","link":"https:\/\/a-protectwarranty.com\/fr\/powertrain-gold-plus\/","title":{"rendered":"OR PLUS"},"content":{"rendered":"<p><\/p>\n<div class=\"plandetail\">\n<div class=\"plandetailtop lightgray\">\n<div class=\"plandetailtext side lightgray\">\n<h2>Groupe motopropulseur<\/h2>\n<ul>\n<li>Moteur<\/li>\n<li>Transmission<\/li>\n<li>Bo\u00eete de vitesses\/Diff\u00e9rentiel<\/li>\n<li>Remorquage<\/li>\n<li>Interruption de voyage<\/li>\n<\/ul>\n<\/div>\n<div class=\"plandetailtext side gray\">\n<h2>Options additionnelles incluses<\/h2>\n<ul>\n<li>4X4\/AWD<\/li>\n<li>Joint de t\u00eate<\/li>\n<li>Turbo\/Compresseur de suralimentation<\/li>\n<li>Soudures et joints<\/li>\n<\/ul>\n<\/div>\n<\/div>\n<div class=\"additional\">\n<h1>OPTIONS ADDITIONNELLES DISPONIBLES<\/h1>\n<ul>\n<li>Kilom\u00e9trage illimit\u00e9<\/li>\n<li>passez \u00e0 2 500.00$ par r\u00e9clamation (0 \u2013 220 000 km max.)<\/li>\n<li>Air climatis\u00e9<\/li>\n<\/ul>\n<\/div>\n<div class=\"contenernewtext\">\n<h1 align=\"center\">PI\u00c8CES COUVERTES SOUS CETTE OPTION DE GARANTIE<\/h1>\n<\/div>\n<div class=\"contenernewtext coloum\">\n<h2>Couverture du groupe motopropulseur<\/h2>\n<h5>Moteur:<\/h5>\n<p>Bloc <a href=\"https:\/\/a-protectwarranty.com\/signs-that-your-engine-is-not-doing-well\/\">moteur <\/a>et t\u00eates de cylindres, vilebrequin et paliers principaux, arbre \u00e0 cames et paliers, engrenages du vilebrequin, tiges et paliers de raccord, tiges, anneaux et punaises poussoirs, courroies ou cha\u00eene(s) et engrenages de distribution, poussoirs de soupape, pistons, valves d\u2019entr\u00e9e et de sortie, ressorts et \u00e9l\u00e9ments de r\u00e9tention des valves, guides et poussoirs, assemblage des bras culbuteurs, pompe \u00e0 huile, cuvette d\u2019huile, pivots, arbre de cabine<\/p>\n<h5>Transmission:<\/h5>\n<h6>&#8211; Automatique<\/h6>\n<p>Bo\u00eetier, convertisseur de couple, valve de modulation, modulateur de d\u00e9pression, corps de la valve, ensembles d\u2019engrenages, arbres de cabine principal et interm\u00e9diaire, pompe \u00e0 huile, r\u00e9gulateur de cabine, embrayages et bandes.<\/p>\n<h6>&#8211; Standard<\/h6>\n<p>Bo\u00eetier, fourchette, arbres de cabine principal et interm\u00e9diaire, supports de synchronisation, plaque de pression.<\/p>\n<h5>Bo\u00eete de vitesses\/Diff\u00e9rentiel:<\/h5>\n<ol class=\"onsite\">\n<li>V\u00e9hicules \u00e0 traction avant (bo\u00eete de vitesses) : Bo\u00eetier, arbres de cabine principaux, paliers, couronne et pignon.<\/li>\n<li>V\u00e9hicules \u00e0 traction arri\u00e8re (diff\u00e9rentiel) : Bo\u00eetier, engrenage et caisse d\u2019entra\u00eenement, pignon d\u2019entra\u00eenement et engrenage du pignon, roue dent\u00e9e, couvercle du diff\u00e9rentiel, supports du diff\u00e9rentiel et paliers.<\/li>\n<li>Diff\u00e9rentiel auxiliaire et caisse de transfert (v\u00e9hicules 4 roues motrices seulement, lorsque l\u2019option 4 par 4 est achet\u00e9e) : Caisse, engrenages et pignons, paliers internes.<\/li>\n<\/ol>\n<h5>Remorquage:<\/h5>\n<p>A-Protect remboursera au client jusqu\u2019\u00e0 50$, \u00e0 chaque fois que surviendront des d\u00e9penses reli\u00e9es au remorquage en raison de toute panne ou d\u00e9faut couvert par le contrat. Une facture valide devra \u00eatre fournie pour obtenir le remboursement.<\/p>\n<h5>Interruption de voyage:<\/h5>\n<p>A-Protect remboursera le client pour l\u2019h\u00e9bergement, les repas, l\u2019autobus ou le taxi, jusqu\u2019\u00e0 50$ ou 150$ pendant la dur\u00e9e de la garantie.<br \/>\nSi le centre de r\u00e9paration autoris\u00e9 est incapable d\u2019offrir des services le m\u00eame jour et\/ou est \u00e0 plus de 200 km de distance de la maison, une facture valide doit \u00eatre fournie pour obtenir un remboursement \u00e0 l\u2019int\u00e9rieur des sept jours suivant l\u2019\u00e9v\u00e9nement.<\/p>\n<\/div>\n<div class=\"contenernewtext coloum\">\n<h2>Options additionnelles<\/h2>\n<h5>Soudures et joints:<\/h5>\n<p>Toutes les soudures et tous les joints utilis\u00e9s pour renfermer des fluides et des lubrifiants \u00e0 l\u2019int\u00e9rieur du moteur, de la transmission et du diff\u00e9rentiel\/de la bo\u00eete de vitesses<\/p>\n<h5>Joint(s) de t\u00eate:<\/h5>\n<p>Joint(s) de la t\u00eate de cylindre.<\/p>\n<h5>Joint(s) de la t\u00eate de cylindre:<\/h5>\n<p>Bo\u00eetier, contr\u00f4leur de la valve de d\u00e9charge, compresseur, refroidisseur interm\u00e9diaire, embrayages et valve de d\u00e9rivation.<\/p>\n<h5>4X4\/awd:<\/h5>\n<p>Caisse de transfert<\/p>\n<\/div>\n<\/div>\n<p><\/p>","protected":false},"excerpt":{"rendered":"<p>Groupe motopropulseur Moteur Transmission Bo\u00eete de vitesses\/Diff\u00e9rentiel Remorquage Interruption de voyage Options additionnelles incluses 4X4\/AWD Joint de t\u00eate Turbo\/Compresseur de suralimentation Soudures et joints OPTIONS ADDITIONNELLES DISPONIBLES Kilom\u00e9trage illimit\u00e9 passez \u00e0 2 500.00$ par r\u00e9clamation (0 \u2013 220 000 km &hellip; <a href=\"https:\/\/a-protectwarranty.com\/fr\/powertrain-gold-plus\/\">\u0421ontinuer la lecture <span class=\"meta-nav\">&rarr;<\/span><\/a><\/p>\n","protected":false},"author":15,"featured_media":763,"parent":0,"menu_order":0,"comment_status":"open","ping_status":"open","template":"packages-template.php","meta":[],"_links":{"self":[{"href":"https:\/\/a-protectwarranty.com\/fr\/wp-json\/wp\/v2\/pages\/207"}],"collection":[{"href":"https:\/\/a-protectwarranty.com\/fr\/wp-json\/wp\/v2\/pages"}],"about":[{"href":"https:\/\/a-protectwarranty.com\/fr\/wp-json\/wp\/v2\/types\/page"}],"author":[{"embeddable":true,"href":"https:\/\/a-protectwarranty.com\/fr\/wp-json\/wp\/v2\/users\/15"}],"replies":[{"embeddable":true,"href":"https:\/\/a-protectwarranty.com\/fr\/wp-json\/wp\/v2\/comments?post=207"}],"version-history":[{"count":14,"href":"https:\/\/a-protectwarranty.com\/fr\/wp-json\/wp\/v2\/pages\/207\/revisions"}],"predecessor-version":[{"id":2684,"href":"https:\/\/a-protectwarranty.com\/fr\/wp-json\/wp\/v2\/pages\/207\/revisions\/2684"}],"wp:featuredmedia":[{"embeddable":true,"href":"https:\/\/a-protectwarranty.com\/fr\/wp-json\/wp\/v2\/media\/763"}],"wp:attachment":[{"href":"https:\/\/a-protectwarranty.com\/fr\/wp-json\/wp\/v2\/media?parent=207"}],"curies":[{"name":"wp","href":"https:\/\/api.w.org\/{rel}","templated":true}]}}