{"id":162,"date":"2015-03-31T18:45:38","date_gmt":"2015-03-31T18:45:38","guid":{"rendered":"http:\/\/planext.ca\/a-protect\/?page_id=162"},"modified":"2018-08-11T06:02:16","modified_gmt":"2018-08-11T10:02:16","slug":"powertrain-silver","status":"publish","type":"page","link":"https:\/\/a-protectwarranty.com\/fr\/powertrain-silver\/","title":{"rendered":"ARGENT PLUS"},"content":{"rendered":"<p><\/p>\n<div class=\"plandetail\">\n<div class=\"plandetailtop lightgray\">\n<div class=\"plandetailtext side lightgray\">\n<h2>Groupe motopropulseur<\/h2>\n<ul>\n<li>Moteur<\/li>\n<li>Transmission<\/li>\n<li>Bo\u00eete de vitesses\/Diff\u00e9rentiel<\/li>\n<li>Remorquage<\/li>\n<li>Interruption de voyage<\/li>\n<\/ul>\n<\/div>\n<div class=\"plandetailtext side gray\">\n<h2>Options additionnelles incluses<\/h2>\n<ul>\n<li>Joint de t\u00eate<\/li>\n<li>Kilom\u00e9trage illimit\u00e9<\/li>\n<\/ul>\n<\/div>\n<\/div>\n<div class=\"additional\">\n<h1>OPTIONS ADDITIONNELLES DISPONIBLES<\/h1>\n<ul>\n<li>passez \u00e0 1 500.00$ par r\u00e9clamation<\/li>\n<\/ul>\n<\/div>\n<div class=\"contenernewtext\">\n<h1 align=\"center\">PI\u00c8CES COUVERTES SOUS CETTE OPTION DE GARANTIE<\/h1>\n<\/div>\n<div class=\"contenernewtext coloum\">\n<h2>Couverture du groupe motopropulseur<\/h2>\n<h5>Moteur:<\/h5>\n<p>Bloc <a href=\"https:\/\/a-protectwarranty.com\/signs-that-your-engine-is-not-doing-well\/\">moteur <\/a>et t\u00eates de cylindres, vilebrequin et paliers principaux, arbre \u00e0 cames et paliers, engrenages du vilebrequin, tiges et paliers de raccord, tiges, anneaux et punaises poussoirs, courroies ou cha\u00eene(s) et engrenages de distribution, poussoirs de soupape, pistons, valves d\u2019entr\u00e9e et de sortie, ressorts et \u00e9l\u00e9ments de r\u00e9tention des valves, guides et poussoirs, assemblage des bras culbuteurs, pompe \u00e0 huile, cuvette d\u2019huile, pivots, arbre de cabine<\/p>\n<h5>Transmission:<\/h5>\n<h6>&#8211; Automatique<\/h6>\n<p>Bo\u00eetier, convertisseur de couple, valve de modulation, modulateur de d\u00e9pression, corps de la valve, ensembles d\u2019engrenages, arbres de cabine principal et interm\u00e9diaire, pompe \u00e0 huile, r\u00e9gulateur de cabine, embrayages et bandes.<\/p>\n<h6>&#8211; Standard<\/h6>\n<p>Bo\u00eetier, fourchette, arbres de cabine principal et interm\u00e9diaire, supports de synchronisation, plaque de pression.<\/p>\n<h5>Bo\u00eete de vitesses\/Diff\u00e9rentiel:<\/h5>\n<ol class=\"onsite\">\n<li>V\u00e9hicules \u00e0 traction avant (bo\u00eete de vitesses) : Bo\u00eetier, arbres de cabine principaux, paliers, couronne et pignon.<\/li>\n<li>V\u00e9hicules \u00e0 traction arri\u00e8re (diff\u00e9rentiel) : Bo\u00eetier, engrenage et caisse d\u2019entra\u00eenement, pignon d\u2019entra\u00eenement et engrenage du pignon, roue dent\u00e9e, couvercle du diff\u00e9rentiel, supports du diff\u00e9rentiel et paliers.<\/li>\n<li>Diff\u00e9rentiel auxiliaire et caisse de transfert (v\u00e9hicules 4 roues motrices seulement, lorsque l\u2019option 4 par 4 est achet\u00e9e) : Caisse, engrenages et pignons, paliers internes.<\/li>\n<\/ol>\n<h5>Remorquage:<\/h5>\n<p>A-Protect remboursera au client jusqu\u2019\u00e0 50$, \u00e0 chaque fois que surviendront des d\u00e9penses reli\u00e9es au remorquage en raison de toute panne ou d\u00e9faut couvert par le contrat. Une facture valide devra \u00eatre fournie pour obtenir le remboursement.<\/p>\n<h5>Interruption de voyage:<\/h5>\n<p>A-Protect remboursera le client pour l\u2019h\u00e9bergement, les repas, l\u2019autobus ou le taxi, jusqu\u2019\u00e0 50$ ou 150$ pendant la dur\u00e9e de la garantie.<br \/>\nSi le centre de r\u00e9paration autoris\u00e9 est incapable d\u2019offrir des services le m\u00eame jour et\/ou est \u00e0 plus de 200 km de distance de la maison, une facture valide doit \u00eatre fournie pour obtenir un remboursement \u00e0 l\u2019int\u00e9rieur des sept jours suivant l\u2019\u00e9v\u00e9nement.<\/p>\n<\/div>\n<div class=\"contenernewtext coloum\">\n<h2>Options additionnelles<\/h2>\n<h5>Joint(s) de t\u00eate:<\/h5>\n<p>Joint(s) de la t\u00eate de cylindre.<\/p>\n<h5>Kilom\u00e9trage illimit\u00e9<\/h5>\n<p>Il n\u2019y aura aucune restriction de kilom\u00e9trage si cette option est choisie.\n<\/p><\/div>\n<\/div>\n<p><\/p>","protected":false},"excerpt":{"rendered":"<p>Groupe motopropulseur Moteur Transmission Bo\u00eete de vitesses\/Diff\u00e9rentiel Remorquage Interruption de voyage Options additionnelles incluses Joint de t\u00eate Kilom\u00e9trage illimit\u00e9 OPTIONS ADDITIONNELLES DISPONIBLES passez \u00e0 1 500.00$ par r\u00e9clamation PI\u00c8CES COUVERTES SOUS CETTE OPTION DE GARANTIE Couverture du groupe motopropulseur Moteur: &hellip; <a href=\"https:\/\/a-protectwarranty.com\/fr\/powertrain-silver\/\">\u0421ontinuer la lecture <span class=\"meta-nav\">&rarr;<\/span><\/a><\/p>\n","protected":false},"author":15,"featured_media":763,"parent":0,"menu_order":0,"comment_status":"open","ping_status":"open","template":"packages-template.php","meta":[],"_links":{"self":[{"href":"https:\/\/a-protectwarranty.com\/fr\/wp-json\/wp\/v2\/pages\/162"}],"collection":[{"href":"https:\/\/a-protectwarranty.com\/fr\/wp-json\/wp\/v2\/pages"}],"about":[{"href":"https:\/\/a-protectwarranty.com\/fr\/wp-json\/wp\/v2\/types\/page"}],"author":[{"embeddable":true,"href":"https:\/\/a-protectwarranty.com\/fr\/wp-json\/wp\/v2\/users\/15"}],"replies":[{"embeddable":true,"href":"https:\/\/a-protectwarranty.com\/fr\/wp-json\/wp\/v2\/comments?post=162"}],"version-history":[{"count":33,"href":"https:\/\/a-protectwarranty.com\/fr\/wp-json\/wp\/v2\/pages\/162\/revisions"}],"predecessor-version":[{"id":2683,"href":"https:\/\/a-protectwarranty.com\/fr\/wp-json\/wp\/v2\/pages\/162\/revisions\/2683"}],"wp:featuredmedia":[{"embeddable":true,"href":"https:\/\/a-protectwarranty.com\/fr\/wp-json\/wp\/v2\/media\/763"}],"wp:attachment":[{"href":"https:\/\/a-protectwarranty.com\/fr\/wp-json\/wp\/v2\/media?parent=162"}],"curies":[{"name":"wp","href":"https:\/\/api.w.org\/{rel}","templated":true}]}}