{"id":136,"date":"2015-03-27T19:52:45","date_gmt":"2015-03-27T19:52:45","guid":{"rendered":"http:\/\/planext.ca\/a-protect\/?page_id=136"},"modified":"2024-08-20T15:57:21","modified_gmt":"2024-08-20T19:57:21","slug":"get-in-touch","status":"publish","type":"page","link":"https:\/\/a-protectwarranty.com\/fr\/get-in-touch\/","title":{"rendered":"NOUS CONTACTER"},"content":{"rendered":"<p><\/p>\n<h6><i class=\"fa fa-map-marker\"><\/i> <strong>Adresse:<\/strong><\/h6>\n<p>7250 Keele Rue, Bureau 421 Concord, Ontario, L4K 1Z8<\/p>\n<div class=\"clear\"><\/div>\n<h6><i class=\"fa fa-mobile\"><\/i> <strong>T\u00e9l\u00e9phone:<\/strong><\/h6>\n<p>1-866-660-6444 (sans frais)<\/p>\n<p>416-661-7444<\/p>\n<div class=\"clear\"><\/div>\n<h6><i class=\"fa fa-fax\"><\/i> <strong>T\u00e9l\u00e9copieur:<\/strong><\/h6>\n<p>416-661-7448<\/p>\n<div class=\"clear\"><\/div>\n<h6><i class=\"fa fa-envelope-o\"><\/i> <strong>Courriel:<\/strong><\/h6>\n<p><a href=\"mailto:info@a-protectwarranty.com\">info@a-protectwarranty.com<\/a><\/p>","protected":false},"excerpt":{"rendered":"<p>Adresse: 7250 Keele Rue, Bureau 421 Concord, Ontario, L4K 1Z8 T\u00e9l\u00e9phone: 1-866-660-6444 (sans frais) 416-661-7444 T\u00e9l\u00e9copieur: 416-661-7448 Courriel: info@a-protectwarranty.com<\/p>\n","protected":false},"author":15,"featured_media":766,"parent":0,"menu_order":0,"comment_status":"open","ping_status":"open","template":"innerpage-template.php","meta":[],"_links":{"self":[{"href":"https:\/\/a-protectwarranty.com\/fr\/wp-json\/wp\/v2\/pages\/136"}],"collection":[{"href":"https:\/\/a-protectwarranty.com\/fr\/wp-json\/wp\/v2\/pages"}],"about":[{"href":"https:\/\/a-protectwarranty.com\/fr\/wp-json\/wp\/v2\/types\/page"}],"author":[{"embeddable":true,"href":"https:\/\/a-protectwarranty.com\/fr\/wp-json\/wp\/v2\/users\/15"}],"replies":[{"embeddable":true,"href":"https:\/\/a-protectwarranty.com\/fr\/wp-json\/wp\/v2\/comments?post=136"}],"version-history":[{"count":30,"href":"https:\/\/a-protectwarranty.com\/fr\/wp-json\/wp\/v2\/pages\/136\/revisions"}],"predecessor-version":[{"id":3890,"href":"https:\/\/a-protectwarranty.com\/fr\/wp-json\/wp\/v2\/pages\/136\/revisions\/3890"}],"wp:featuredmedia":[{"embeddable":true,"href":"https:\/\/a-protectwarranty.com\/fr\/wp-json\/wp\/v2\/media\/766"}],"wp:attachment":[{"href":"https:\/\/a-protectwarranty.com\/fr\/wp-json\/wp\/v2\/media?parent=136"}],"curies":[{"name":"wp","href":"https:\/\/api.w.org\/{rel}","templated":true}]}}